{"id":70,"date":"2018-07-18T09:07:48","date_gmt":"2018-07-18T09:07:48","guid":{"rendered":"https:\/\/rmsg.mx\/?page_id=70"},"modified":"2024-09-05T00:21:46","modified_gmt":"2024-09-05T00:21:46","slug":"about-us","status":"publish","type":"page","link":"https:\/\/rmsg.mx\/es\/about-us\/","title":{"rendered":"Nosotros"},"content":{"rendered":"<p>Real Estate Management and Services Group (RMSG) es un conglomerado de empresas mexicanas dedicadas a la industria inmobiliaria. Participa directamente en la adquisici\u00f3n, desarrollo, mantenimiento, arrendamiento y administraci\u00f3n de proyectos inmobiliarios en los principales mercados industriales de M\u00e9xico.<\/p>","protected":false},"excerpt":{"rendered":"<p>Real Estate Management and Services Group (RMSG) es un conglomerado de empresas mexicanas dedicadas a la industria inmobiliaria. Participa directamente en la adquisici\u00f3n, desarrollo, mantenimiento, arrendamiento y administraci\u00f3n de proyectos inmobiliarios en los principales mercados industriales de M\u00e9xico.<\/p>\n","protected":false},"author":1,"featured_media":696,"parent":0,"menu_order":0,"comment_status":"closed","ping_status":"closed","template":"","meta":{"om_disable_all_campaigns":false,"_monsterinsights_skip_tracking":false,"_monsterinsights_sitenote_active":false,"_monsterinsights_sitenote_note":"","_monsterinsights_sitenote_category":0,"footnotes":""},"class_list":["post-70","page","type-page","status-publish","has-post-thumbnail","hentry"],"aioseo_notices":[],"_links":{"self":[{"href":"https:\/\/rmsg.mx\/es\/wp-json\/wp\/v2\/pages\/70","targetHints":{"allow":["GET"]}}],"collection":[{"href":"https:\/\/rmsg.mx\/es\/wp-json\/wp\/v2\/pages"}],"about":[{"href":"https:\/\/rmsg.mx\/es\/wp-json\/wp\/v2\/types\/page"}],"author":[{"embeddable":true,"href":"https:\/\/rmsg.mx\/es\/wp-json\/wp\/v2\/users\/1"}],"replies":[{"embeddable":true,"href":"https:\/\/rmsg.mx\/es\/wp-json\/wp\/v2\/comments?post=70"}],"version-history":[{"count":28,"href":"https:\/\/rmsg.mx\/es\/wp-json\/wp\/v2\/pages\/70\/revisions"}],"predecessor-version":[{"id":698,"href":"https:\/\/rmsg.mx\/es\/wp-json\/wp\/v2\/pages\/70\/revisions\/698"}],"wp:featuredmedia":[{"embeddable":true,"href":"https:\/\/rmsg.mx\/es\/wp-json\/wp\/v2\/media\/696"}],"wp:attachment":[{"href":"https:\/\/rmsg.mx\/es\/wp-json\/wp\/v2\/media?parent=70"}],"curies":[{"name":"wp","href":"https:\/\/api.w.org\/{rel}","templated":true}]}}